{"id":121,"date":"2017-06-09T13:39:40","date_gmt":"2017-06-09T11:39:40","guid":{"rendered":"http:\/\/www.rolnik.tbg.net.pl\/erasmus2017\/?page_id=121"},"modified":"2019-03-10T14:33:19","modified_gmt":"2019-03-10T13:33:19","slug":"redakcja-strony","status":"publish","type":"page","link":"http:\/\/www.rolnik.tbg.net.pl\/erasmus2017\/redakcja-strony\/","title":{"rendered":"Redakcja strony"},"content":{"rendered":"<p>Stron\u0119 projektu prowadzi pani Halina Zbyrad.<\/p>\n<p>Zdj\u0119cia na stronie pochodz\u0105 z archiwum szkolnego (z poprzednich wyjazd\u00f3w na sta\u017ce).<\/p>\n<p>Wsp\u00f3\u0142autorami strony s\u0105 uczestnicy projektu, kt\u00f3rzy dostarczyli swoje zdj\u0119cia, prezentacje lub inne materia\u0142y, upowszechniaj\u0105ce rezultaty projektu.<\/p>\n","protected":false},"excerpt":{"rendered":"<p>Stron\u0119 projektu prowadzi pani Halina Zbyrad. Zdj\u0119cia na stronie pochodz\u0105 z archiwum szkolnego (z poprzednich wyjazd\u00f3w na sta\u017ce). Wsp\u00f3\u0142autorami strony s\u0105 uczestnicy projektu, kt\u00f3rzy dostarczyli swoje zdj\u0119cia, prezentacje lub inne materia\u0142y, upowszechniaj\u0105ce rezultaty projektu.<\/p>\n","protected":false},"author":1,"featured_media":0,"parent":0,"menu_order":0,"comment_status":"closed","ping_status":"closed","template":"","meta":{"footnotes":""},"_links":{"self":[{"href":"http:\/\/www.rolnik.tbg.net.pl\/erasmus2017\/wp-json\/wp\/v2\/pages\/121"}],"collection":[{"href":"http:\/\/www.rolnik.tbg.net.pl\/erasmus2017\/wp-json\/wp\/v2\/pages"}],"about":[{"href":"http:\/\/www.rolnik.tbg.net.pl\/erasmus2017\/wp-json\/wp\/v2\/types\/page"}],"author":[{"embeddable":true,"href":"http:\/\/www.rolnik.tbg.net.pl\/erasmus2017\/wp-json\/wp\/v2\/users\/1"}],"replies":[{"embeddable":true,"href":"http:\/\/www.rolnik.tbg.net.pl\/erasmus2017\/wp-json\/wp\/v2\/comments?post=121"}],"version-history":[{"count":2,"href":"http:\/\/www.rolnik.tbg.net.pl\/erasmus2017\/wp-json\/wp\/v2\/pages\/121\/revisions"}],"predecessor-version":[{"id":587,"href":"http:\/\/www.rolnik.tbg.net.pl\/erasmus2017\/wp-json\/wp\/v2\/pages\/121\/revisions\/587"}],"wp:attachment":[{"href":"http:\/\/www.rolnik.tbg.net.pl\/erasmus2017\/wp-json\/wp\/v2\/media?parent=121"}],"curies":[{"name":"wp","href":"https:\/\/api.w.org\/{rel}","templated":true}]}}