{"id":366,"date":"2017-12-22T10:47:05","date_gmt":"2017-12-22T09:47:05","guid":{"rendered":"http:\/\/www.rolnik.tbg.net.pl\/erasmus2017\/?page_id=366"},"modified":"2018-06-03T21:03:53","modified_gmt":"2018-06-03T19:03:53","slug":"regulamin-rekrutacji-na-staze","status":"publish","type":"page","link":"http:\/\/www.rolnik.tbg.net.pl\/erasmus2017\/regulamin-rekrutacji-na-staze\/","title":{"rendered":"Regulamin rekrutacji na sta\u017ce"},"content":{"rendered":"<h3><strong>Regulamin rekrutacji uczni\u00f3w Zespo\u0142u Szk\u00f3\u0142 Ponadgimnazjalnych nr2 im.Bartosza G\u0142owackiego\u00a0 w Tarnobrzegu<br \/>\nna sta\u017ce do Hiszpanii w ramach projektu Erasmus+<\/strong><\/h3>\n<h3><strong>Tytu\u0142 projektu:<br \/>\n\u201eBogaci w do\u015bwiadczenie zawodowe- atrakcyjni na rynku pracy\u201d<\/strong><\/h3>\n<h2><\/h2>\n<p>Niniejszy Regulamin okre\u015bla zasady rekrutacji uczestnik\u00f3w oraz zasady uczestnictwa w projekcie pt. <strong>\u201eBogaci w do\u015bwiadczenie zawodowe- atrakcyjni na rynky pracy\u201d, <\/strong>finansowanego ze \u015brodk\u00f3w programu \u201eERASMUS+\u201d.<\/p>\n<h3><strong>\u00a71.<\/strong><strong>Informacje o projekcie<\/strong><\/h3>\n<h3>1)\u00a0\u00a0 Informacje og\u00f3lne<\/h3>\n<p>Czas realizacji projektu: 01.08.2017 -31.07.2019<\/p>\n<p>W ramach projektu przewiduje si\u0119 wyjazd trzech 16osobowych grup uczni\u00f3w na \u00a0trzytygodniowe sta\u017ce zawodowe do Sevilli w Hiszpanii (pobyt na miejscu &#8211; 19 dni, podr\u00f3\u017c &#8211; 2 dni, \u0142\u0105cznie -21 dni).<\/p>\n<p>Na sta\u017ce wraz z uczniami wyjad\u0105 2 opiekunowie, kt\u00f3rzy b\u0119d\u0105 wspiera\u0107 uczestnik\u00f3w podczas pobytu za granic\u0105, monitorowa\u0107 bezpiecze\u0144stwo podczas podr\u00f3\u017cy i czasu wolnego. Ich celem b\u0119dzie te\u017c monitorowanie realizacji osi\u0105gania za\u0142o\u017conych cel\u00f3w mobilno\u015bci.<\/p>\n<p>Uczestnictwo w projekcie (kursy przygotowawcze, przejazd tam i z powrotem, pobyt, kieszonkowe) jest bezp\u0142atne.<\/p>\n<h3>2)\u00a0\u00a0 \u00a0cele projektu<\/h3>\n<p>G\u0142\u00f3wnym celem projektu jest zwi\u0119kszenie kompetencji zawodowych i j\u0119zykowych uczni\u00f3w w kontek\u015bcie ich szans na lokalnym, regionalnym i europejskim rynku pracy.<\/p>\n<p>Szczeg\u00f3\u0142owe cele zawodowe projektu to:<\/p>\n<ul>\n<li>w odniesieniu do zawodu technik spedytor: organizowanie prac zwi\u0105zanych z przewozem \u0142adunk\u00f3w, wykonywanie prac zwi\u0105zanych z monitorowaniem przebiegu procesu transportowego, wype\u0142nianie dokument\u00f3w dotycz\u0105cych tych zada\u0144;<\/li>\n<li>w odniesieniu do zawodu technik logistyk: analiza stanu zakup\u00f3w, zapas\u00f3w, obs\u0142uga zam\u00f3wie\u0144 i wykorzystanie system\u00f3w informacyjnych realizuj\u0105cych ten proces;<\/li>\n<li>w zakresie zawodu technik ekonomista: prowadzenie dzia\u0142a\u0144 marketingowych, sporz\u0105dzanie dokumentacji biurowej i finansowej, przetwarzanie wynik\u00f3w dzia\u0142ania firmy i ich analiza;<\/li>\n<li>w zakresie zawodu technik hotelarstwa: przyjmowanie i obs\u0142uga go\u015bci, organizacji us\u0142ug dodatkowych, wykorzystanie komputerowych program\u00f3w u\u017cytkowych i hotelarskich, wykonywanie prac zwi\u0105zanych z utrzymywaniem czysto\u015bci i porz\u0105dku w obiekcie;<\/li>\n<li>w zakresie zawodu technik architektury krajobrazu: planowanie, urz\u0105dzanie i piel\u0119gnacja teren\u00f3w zieleni.<\/li>\n<\/ul>\n<p>Cele szczeg\u00f3\u0142owe w odniesieniu do wszystkich zawod\u00f3w to: kszta\u0142towanie umiej\u0119tno\u015bci interpersonalnych, komunikowanie si\u0119 w j\u0119zyku obcym, poznanie i stosowanie zasad BHP, organizacji pracy i\u00a0 zarz\u0105dzania czasem na wyznaczonym stanowisku, umiej\u0119tno\u015b\u0107 pracy w wielokulturowym \u015brodowisku.<\/p>\n<h3>3)\u00a0\u00a0 Prawa i Obowi\u0105zki uczestnika Projektu<\/h3>\n<p>Ka\u017cdy uczestnik ma prawo do \u00a0:<\/p>\n<ul>\n<li>informacji na temat projektu umieszczanych na stronie internetowej szko\u0142y b\u0105d\u017a przekazywanych bezpo\u015brednio uczestnikowi przez cz\u0142onk\u00f3w zespo\u0142u projektowego, w sk\u0142ad kt\u00f3rego wchodz\u0105 nauczyciele: Swiet\u0142ana Siudzi\u0144ska, Urszula Szczyty\u0144ska, Halina Zbyrad.<\/li>\n<li>nieodp\u0142atnego udzia\u0142u w projekcie<\/li>\n<li>otrzymania materia\u0142\u00f3w dydaktycznych do zaj\u0119\u0107<\/li>\n<li>otrzymania certyfikat\u00f3w zgodnie z za\u0142o\u017ceniami projektu<\/li>\n<li>zg\u0142aszania uwag i oceny zaj\u0119\u0107, w kt\u00f3rych uczestniczy.<\/li>\n<\/ul>\n<p>Uczestnik jest zobowi\u0105zany do:<\/p>\n<ul>\n<li>uczestniczenia w zaj\u0119ciach przygotowawczych do sta\u017cu (podpis na li\u015bcie obecno\u015bci)<\/li>\n<li>100% frekwencji na praktyce zawodowej<\/li>\n<li>punktualno\u015bci w miejscu odbywania praktyk<\/li>\n<li>uczestnictwa w zaj\u0119ciach kulturowych: wycieczkach i wyj\u015bciach do muzeum itp.<\/li>\n<li>uczestnictwa w spotkaniach z opiekunami i zdawania relacji z przebiegu sta\u017cu<\/li>\n<li>uczestnictwa w kursie j\u0119zykowym w miejscu odbywania sta\u017cu<\/li>\n<li>przestrzegania zasad bhp w trakcie odbywania sta\u017cu, zaj\u0119\u0107 kulturowych i podczas podr\u00f3\u017cy<\/li>\n<li>wype\u0142niania ankiet ewaluacyjnych w trakcie przygotowa\u0144 i w trakcie przebiegu sta\u017cu<\/li>\n<li>przybycia na wyznaczone spotkanie w celu przygotowania i wys\u0142ania raportu ko\u0144cowego uczestnika, kt\u00f3re odb\u0119dzie si\u0119 w terminie do30 dni po zako\u0144czeniu sta\u017cu<\/li>\n<li>aktywnego uczestnictwa w upowszechnianiu rezultat\u00f3w projektu (np. przygotowania prezentacji multimedialnej z przebiegu sta\u017cu, brania udzia\u0142u w wydarzeniach upowszechniaj\u0105cych rezultaty projektu)<\/li>\n<\/ul>\n<h2><\/h2>\n<h3><strong>\u00a72. R<\/strong><strong>ekrutacja uczestnik\u00f3w<\/strong><\/h3>\n<h3>1)\u00a0\u00a0\u00a0\u00a0 Terminy<\/h3>\n<p>Rekrutacja na I tur\u0119 wyjazd\u00f3w odb\u0119dzie si\u0119 we wrze\u015bniu 2017.<\/p>\n<p>Rekrutacja na II tur\u0119 wyjazd\u00f3w odb\u0119dzie si\u0119 w styczniu 2018.<\/p>\n<p>Rekrutacja na III tur\u0119 wyjazd\u00f3w odb\u0119dzie si\u0119 we wrze\u015bniu 2018.<\/p>\n<p>Rekrutacja wst\u0119pna obejmuje wype\u0142nienie i z\u0142o\u017cenie w sekretariacie stosownych formularzy (zgody rodzic\u00f3w, deklaracji kandydat\u00f3w).<\/p>\n<p>Szczeg\u00f3\u0142owe informacje na temat daty i sposobu zg\u0142oszenia kandydat\u00f3w (stosowne formularze) do projektu b\u0119d\u0105 zamieszczane na szkolnej stronie internetowej (na stronie g\u0142\u00f3wnej oraz w zak\u0142adce projektu).<\/p>\n<p>I tura wyjazd\u00f3w odb\u0119dzie si\u0119 w lutym 2018r.<\/p>\n<p>II tura wyjazd\u00f3w odb\u0119dzie si\u0119 w sierpniu 2018r.<\/p>\n<p>III tura wyjazd\u00f3w odb\u0119dzie si\u0119 w lutym 2019r.<\/p>\n<h3>2)\u00a0\u00a0\u00a0\u00a0 Kandydaci<\/h3>\n<p>Projekt zosta\u0142 przygotowany dla uczni\u00f3w Zespo\u0142u Szk\u00f3\u0142 Ponadgimnazjalnych nr2 w Tarnobrzegu. W projekcie mog\u0105 wzi\u0105\u0107 udzia\u0142 uczniowie, kt\u00f3rzy nie uczestniczyli w poprzednich szkolnych projektach ZSP 2 &#8211; Erasmus+ lub Power Vet.<\/p>\n<p>Do rekrutacji w I turze mog\u0105 zg\u0142osi\u0107 si\u0119 uczniowie klas trzecich i czwartych wszystkich kierunk\u00f3w w roku szkolnym 2017\/2018\u00a0 (w bie\u017c\u0105cym roku szkolnym 2016\/2017 klasy drugie i trzecie).<\/p>\n<p>Do rekrutacji w II turze mog\u0105 zg\u0142osi\u0107 si\u0119 uczniowie klas drugich i trzecich wszystkich kierunk\u00f3w w roku szkolnym 2017\/2018<\/p>\n<p>Do rekrutacji w III turze mog\u0105 zg\u0142osi\u0107 si\u0119 uczniowie klas drugich i trzecich wszystkich kierunk\u00f3w w roku szkolnym 2017\/2018.<\/p>\n<h3>3)\u00a0\u00a0\u00a0\u00a0 zasady rekrutacji<\/h3>\n<p>Rekrutacji uczni\u00f3w dokona 4 osobowa komisja rekrutacyjna, w kt\u00f3rej sk\u0142ad wejd\u0105:<\/p>\n<ul>\n<li>pedagog szkolny \u2013 pani Mieczys\u0142awa Motyka<\/li>\n<li>nauczyciel j\u0119zyka angielskiego \u2013 pani Swiet\u0142ana Siudzi\u0144ska<\/li>\n<li>nauczyciele przedmiot\u00f3w zawodowych \u2013 pani Urszula Szczyty\u0144ska i pani Halina Zbyrad<\/li>\n<\/ul>\n<p>Uczniowie ch\u0119tni do wyjazdu na sta\u017c powinni:<\/p>\n<ul>\n<li>zapozna\u0107 si\u0119 dok\u0142adnie z regulaminem rekrutacji i przygotowa\u0107 do rozmowy kwalifikacyjnej (rozmowa w j\u0119zyku angielskim sprawdzaj\u0105ca umiej\u0119tno\u015bci j\u0119zykowe w zakresie sytuacji zwi\u0105zanych z wyjazdem: sytuacje na lotnisku, w sklepie, w hotelu, prezentacja swojej osoby w miejscu pracy)<\/li>\n<li>przemy\u015ble\u0107 i przedstawi\u0107 w czasie rozmowy sw\u00f3j udzia\u0142 w upowszechnianiu rezultat\u00f3w projektu (tworzenie prezentacji, artyku\u0142\u00f3w, film\u00f3w, tworzenie plakat\u00f3w i gazetek, przygotowanie wydarze\u0144, itp. )<\/li>\n<li>pobra\u0107 ze szkolnej strony internetowej formularz zg\u0142oszeniowy<\/li>\n<li>z\u0142o\u017cy\u0107 wype\u0142niony formularz w sekretariacie do dnia okre\u015blonego w og\u0142oszeniu dotycz\u0105cym rekrutacji.<\/li>\n<\/ul>\n<p>Podczas procedury rekrutacyjnej, b\u0119d\u0105 brane pod uwag\u0119 nast\u0119puj\u0105ce aspekty:<\/p>\n<ul>\n<li>analiza predyspozycji do wyjazdu (0-3 pkt.)<\/li>\n<li>analiza sytuacji rodzinnej i finansowej, ustalona przez wychowawc\u0119 klasy (0-5 pkt.)<\/li>\n<li>ocena ko\u0144coworoczna (semestralna dla II naboru) z zachowania<br \/>\n(wzorowe &#8211; 3 pkt., bardzo dobre &#8211; 2 pkt., dobre 1 pkt.)<\/li>\n<li>\u015brednia ocen ko\u0144coworocznych (semestralnych dla II naboru) z przedmiot\u00f3w zawodowych<br \/>\n(powy\u017cej 4,0 &#8211; 3 pkt, 3,5-3,9 &#8211; 2 pkt, 3,0-3,4 &#8211; 1 pkt.)<\/li>\n<li>ocena ko\u0144coworoczna (semestralna dla II naboru) z j\u0119zyka angielskiego<br \/>\n(bdb &#8211; 4 pkt. db &#8211; 3 pkt. dst &#8211; 2 pkt, dop. &#8211; 1pkt.)<\/li>\n<li>deklaracja podj\u0119cia si\u0119 r\u00f3\u017cnych zada\u0144 w projekcie wyra\u017cona podczas rozmowy (tworzenie prezentacji, plakat\u00f3w, film\u00f3w, artyku\u0142\u00f3w, w\u0142asne propozycje sposobu upowszechniania rezultat\u00f3w i reklamy projektu) &#8211;<br \/>\n(0-3 pkt.)<\/li>\n<li>aktywny udzia\u0142 w \u017cyciu szko\u0142y (0-3 pkt.)<\/li>\n<li>rozmowa w j.angielskim (0-1 pkt.)<\/li>\n<\/ul>\n<p>W przypadku r\u00f3wnej liczby punkt\u00f3w, zostan\u0105 por\u00f3wnane liczby punkt\u00f3w przyznane w\u00a0poszczeg\u00f3lnych kryteriach. Spo\u015br\u00f3d kandydat\u00f3w, kt\u00f3rzy zebrali jednakow\u0105 \u0142\u0105czn\u0105 liczb\u0119 punkt\u00f3w , jako pierwsi na li\u015bcie zostan\u0105 umieszczeni ci, kt\u00f3rzy otrzymali wi\u0119cej punkt\u00f3w z preferowanych kryteri\u00f3w. Kolejno\u015b\u0107 preferencji kryteri\u00f3w b\u0119dzie nast\u0119puj\u0105ca:<\/p>\n<ol>\n<li>ocena z zachowania<\/li>\n<li>sytuacja rodzinno-finansowa<\/li>\n<li>deklaracja podj\u0119cia si\u0119 r\u00f3\u017cnych zada\u0144 w projekcie<\/li>\n<li>aktywny udzia\u0142 w \u017cyciu szko\u0142y<\/li>\n<li>\u015brednia ocen z przedmiot\u00f3w zawodowych<\/li>\n<li>ocena z j.angielskiego<\/li>\n<li>predyspozycje do wyjazdu<\/li>\n<\/ol>\n<p>Procedura rekrutacyjna b\u0119dzie polega\u0142a na analizie dokument\u00f3w, przeprowadzeniu rozmowy z kandydatem i jego wychowawc\u0105.<\/p>\n<p>Uczniowie b\u0119d\u0105 mieli mo\u017cliwo\u015b\u0107 odwo\u0142ania si\u0119 od decyzji komisji rekrutacyjnej do komisji odwo\u0142awczej, w ci\u0105gu 7 dni od og\u0142oszenia wynik\u00f3w. W sk\u0142ad komisji odwo\u0142awczej wejd\u0105 dyrektor szko\u0142y i\u00a0 nauczyciel j\u0119zyka angielskiego (spoza komisji rekrutacyjnej).<\/p>\n<p>Podczas procesu rekrutacji powstanie 16 osobowa lista uczni\u00f3w wyje\u017cd\u017caj\u0105cych na sta\u017c i 10 osobowa lista rezerwowych.<\/p>\n<p>W przypadku braku odpowiedniej liczby kandydat\u00f3w spo\u015br\u00f3d klas wyznaczonych do wyjazdu, b\u0119dzie przeprowadzona dodatkowa rekrutacja w\u015br\u00f3d uczni\u00f3w klas ni\u017cszych na tych samych zasadach.<\/p>\n<h3><strong>\u00a73.\u00a0<\/strong><strong>Rezygnacja lub wykluczenie uczestnika z udzia\u0142u w projekcie<\/strong><\/h3>\n<h3>1)\u00a0\u00a0\u00a0\u00a0 Rezygnacja<\/h3>\n<p>Uczestnik ma prawo do rezygnacji z udzia\u0142u w projekcie bez ponoszenia odpowiedzialno\u015bci finansowej w przypadku gdy:<\/p>\n<ul>\n<li>rezygnacja zosta\u0142a z\u0142o\u017cona na pi\u015bmie do dyrektora ZSP nr 2 w Tarnobrzegu \u00a0w terminie do 7 dni po zako\u0144czeniu procesu rekrutacyjnego bez podania przyczyny (w przypadku os\u00f3b niepe\u0142noletnich rezygnacja musi by\u0107 podpisana przez rodzica);<\/li>\n<li>rezygnacja nast\u0119puje w przypadku wa\u017cnych powod\u00f3w osobistych lub zdrowotnych w terminie do 7 dni od zaistnienia przyczyny powoduj\u0105cej konieczno\u015b\u0107 rezygnacji. Rezygnacja musi by\u0107 z\u0142o\u017cona na pi\u015bmie, przez rodzica.<\/li>\n<\/ul>\n<p>W przypadku nieuzasadnionej rezygnacji, uczestnik ponosi koszta zwi\u0105zane z wyjazdem na sta\u017c.<\/p>\n<p>W przypadku rezygnacji uczestnika z udzia\u0142u w zadaniach projektowych lub skre\u015blenia z listy, uczestnik zobowi\u0105zany jest do niezw\u0142ocznego zwrotu otrzymanych materia\u0142\u00f3w.<\/p>\n<h3>2)\u00a0\u00a0\u00a0\u00a0 Wykluczenie Uczestnika<\/h3>\n<p>Uczestnik, kt\u00f3ry nie stosuje si\u0119 do zasad zawartych w niniejszym regulaminie, a tak\u017ce w indywidualnej umowie uczestnictwa, podpisanej z Zespo\u0142em Szk\u00f3\u0142 Ponadgimnazjalnych nr 2 w Tarnobrzegu (reprezentowanym przez dyrektora), zar\u00f3wno na etapie, przygotowania, jak i przebiegu sta\u017cu, mo\u017ce by\u0107 wykluczony z udzia\u0142u w projekcie.<\/p>\n<p>W przypadku, gdyby wykluczenie nast\u0105pi\u0142o w trakcie pobytu za granic\u0105, uczestnik jest zobowi\u0105zany do zwrotu koszt\u00f3w pobytu za granic\u0105, za dni, w kt\u00f3rych nie uczestniczy\u0142 w sta\u017cu (Agencja Narodowa Programu Erasmus+ przyznaje dofinansowanie na pobyt tylko dla uczestnik\u00f3w projektu, a wi\u0119c os\u00f3b, kt\u00f3re realizuj\u0105 program sta\u017c\u00f3w).<\/p>\n<p>&nbsp;<\/p>\n<h3><strong>\u00a74.\u00a0<\/strong><strong>Postanowienia ko\u0144cowe<\/strong><\/h3>\n<p>Og\u00f3lny nadz\u00f3r nad przebiegiem rekrutacji i realizacj\u0105 projektu, a tak\u017ce rozstrzyganie spraw nieregulowanych w niniejszym projekcie nale\u017cy do kompetencji dyrektora ZSP 2 w Tarnobrzegu oraz do szkolnego zespo\u0142u projektowego.<\/p>\n<p>&nbsp;<\/p>\n<p>&nbsp;<\/p>\n","protected":false},"excerpt":{"rendered":"<p>Regulamin rekrutacji uczni\u00f3w Zespo\u0142u Szk\u00f3\u0142 Ponadgimnazjalnych nr2 im.Bartosza G\u0142owackiego\u00a0 w Tarnobrzegu na sta\u017ce do Hiszpanii w ramach projektu Erasmus+ Tytu\u0142 projektu: \u201eBogaci w do\u015bwiadczenie zawodowe- atrakcyjni na rynku pracy\u201d Niniejszy Regulamin okre\u015bla zasady rekrutacji uczestnik\u00f3w oraz zasady uczestnictwa w projekcie pt. \u201eBogaci w do\u015bwiadczenie zawodowe- atrakcyjni na rynky pracy\u201d, finansowanego ze \u015brodk\u00f3w programu \u201eERASMUS+\u201d. \u00a71.Informacje [&hellip;]<\/p>\n","protected":false},"author":1,"featured_media":0,"parent":0,"menu_order":0,"comment_status":"closed","ping_status":"closed","template":"","meta":{"footnotes":""},"_links":{"self":[{"href":"http:\/\/www.rolnik.tbg.net.pl\/erasmus2017\/wp-json\/wp\/v2\/pages\/366"}],"collection":[{"href":"http:\/\/www.rolnik.tbg.net.pl\/erasmus2017\/wp-json\/wp\/v2\/pages"}],"about":[{"href":"http:\/\/www.rolnik.tbg.net.pl\/erasmus2017\/wp-json\/wp\/v2\/types\/page"}],"author":[{"embeddable":true,"href":"http:\/\/www.rolnik.tbg.net.pl\/erasmus2017\/wp-json\/wp\/v2\/users\/1"}],"replies":[{"embeddable":true,"href":"http:\/\/www.rolnik.tbg.net.pl\/erasmus2017\/wp-json\/wp\/v2\/comments?post=366"}],"version-history":[{"count":5,"href":"http:\/\/www.rolnik.tbg.net.pl\/erasmus2017\/wp-json\/wp\/v2\/pages\/366\/revisions"}],"predecessor-version":[{"id":475,"href":"http:\/\/www.rolnik.tbg.net.pl\/erasmus2017\/wp-json\/wp\/v2\/pages\/366\/revisions\/475"}],"wp:attachment":[{"href":"http:\/\/www.rolnik.tbg.net.pl\/erasmus2017\/wp-json\/wp\/v2\/media?parent=366"}],"curies":[{"name":"wp","href":"https:\/\/api.w.org\/{rel}","templated":true}]}}