{"id":70,"date":"2018-01-20T22:40:12","date_gmt":"2018-01-20T21:40:12","guid":{"rendered":"http:\/\/www.rolnik.tbg.net.pl\/erasmus2017\/?page_id=70"},"modified":"2021-05-04T18:15:08","modified_gmt":"2021-05-04T16:15:08","slug":"ii-tura-wyjazdow-lipiec-2018","status":"publish","type":"page","link":"http:\/\/www.rolnik.tbg.net.pl\/erasmus2017\/poszczegolne-tury-wyjazdow-do-sevilli\/ii-tura-wyjazdow-lipiec-2018\/","title":{"rendered":"II tura wyjazd\u00f3w &#8211; Sevilla sierpie\u0144 2018"},"content":{"rendered":"<h3 style=\"text-align: center;\"><a href=\"https:\/\/www.facebook.com\/zsrtbg\/photos\/a.1681220535266734.1073741946.238053566250112\/1712276955494425\/?type=3&amp;theater\"><span style=\"color: #333399;\"><strong>Zdj\u0119cia z przebiegu przygotowa\u0144 do wyjazdu oraz ze sta\u017cy dost\u0119pne s\u0105 w albumie na szkolnej stronie Facebooka<\/strong><\/span><\/a><\/h3>\n<h3 style=\"text-align: center;\"><a href=\"https:\/\/www.facebook.com\/search\/top\/?q=pasantes%20polacos%20en%20sevilla%20sta%C5%BCe%20zawodowe%20sevilla%202018\"><span style=\"color: #ff0000;\"><strong>Zobacz fanpage prowadzony przez sta\u017cyst\u00f3w na Facebooku<\/strong><\/span><\/a><\/h3>\n<h3 style=\"text-align: center;\"><a href=\"http:\/\/www.rolnik.tbg.net.pl\/erasmus2017\/filmy-prezentujace-doswiadczenie-stazystow\/\"><span style=\"color: #339966;\"><strong>Zobacz filmy prezentuj\u0105ce zdobywane w czasie sta\u017c\u00f3w do\u015bwiadczenie<\/strong><\/span><\/a><\/h3>\n<h4><em>08.09.2018<\/em><\/h4>\n<h3 style=\"text-align: center;\">Pi\u0119kna filmowa relacja z pobytu na sta\u017cach<\/h3>\n<p>&nbsp;<\/p>\n<p><iframe loading=\"lazy\" src=\"https:\/\/www.youtube.com\/embed\/9HEPqMu7cNQ\" width=\"560\" height=\"315\" frameborder=\"0\" allowfullscreen=\"allowfullscreen\"><\/iframe><\/p>\n<h5><em>30.08.2018<\/em><\/h5>\n<p><iframe loading=\"lazy\" src=\"https:\/\/www.youtube.com\/embed\/tNAk-xI4q94\" width=\"560\" height=\"315\" frameborder=\"0\" allowfullscreen=\"allowfullscreen\"><\/iframe><\/p>\n<h5><em>19.08.2018<\/em><\/h5>\n<p><a href=\"https:\/\/fb.watch\/5haq4ZLeja\/\"><img loading=\"lazy\" decoding=\"async\" class=\"alignnone wp-image-631\" src=\"http:\/\/www.rolnik.tbg.net.pl\/erasmus2017\/wp-content\/uploads\/2021\/05\/3-2.png\" alt=\"\" width=\"559\" height=\"304\" srcset=\"http:\/\/www.rolnik.tbg.net.pl\/erasmus2017\/wp-content\/uploads\/2021\/05\/3-2.png 718w, http:\/\/www.rolnik.tbg.net.pl\/erasmus2017\/wp-content\/uploads\/2021\/05\/3-2-300x163.png 300w\" sizes=\"(max-width: 559px) 100vw, 559px\" \/><\/a><\/p>\n<p>&nbsp;<\/p>\n<h5><em>08.08.2018<\/em><\/h5>\n<p><a href=\"https:\/\/fb.watch\/5haIdyjdE-\/\"><img loading=\"lazy\" decoding=\"async\" class=\"alignnone wp-image-633\" src=\"http:\/\/www.rolnik.tbg.net.pl\/erasmus2017\/wp-content\/uploads\/2021\/05\/4-2.png\" alt=\"\" width=\"561\" height=\"367\" srcset=\"http:\/\/www.rolnik.tbg.net.pl\/erasmus2017\/wp-content\/uploads\/2021\/05\/4-2.png 1368w, http:\/\/www.rolnik.tbg.net.pl\/erasmus2017\/wp-content\/uploads\/2021\/05\/4-2-300x197.png 300w, http:\/\/www.rolnik.tbg.net.pl\/erasmus2017\/wp-content\/uploads\/2021\/05\/4-2-768x504.png 768w, http:\/\/www.rolnik.tbg.net.pl\/erasmus2017\/wp-content\/uploads\/2021\/05\/4-2-1024x671.png 1024w\" sizes=\"(max-width: 561px) 100vw, 561px\" \/><\/a><\/p>\n<h5><em>06.08.2018<\/em><\/h5>\n<p><iframe loading=\"lazy\" style=\"border: none; overflow: hidden;\" src=\"https:\/\/www.facebook.com\/plugins\/video.php?href=https%3A%2F%2Fwww.facebook.com%2Fzsrtbg%2Fvideos%2F1806714896050630%2F&amp;show_text=1&amp;width=560\" width=\"560\" height=\"550\" frameborder=\"0\" scrolling=\"no\" allowfullscreen=\"allowfullscreen\"><\/iframe><\/p>\n<h5><em>27.06.2018<\/em><\/h5>\n<h3 style=\"text-align: center;\"><span style=\"color: #000000;\">Ostatnie przygotowania do wyjazdu<\/span><\/h3>\n<p><a href=\"https:\/\/fb.watch\/5haYgN7Kik\/\"><img loading=\"lazy\" decoding=\"async\" class=\"alignnone wp-image-635\" src=\"http:\/\/www.rolnik.tbg.net.pl\/erasmus2017\/wp-content\/uploads\/2021\/05\/5-2.png\" alt=\"\" width=\"549\" height=\"382\" srcset=\"http:\/\/www.rolnik.tbg.net.pl\/erasmus2017\/wp-content\/uploads\/2021\/05\/5-2.png 1041w, http:\/\/www.rolnik.tbg.net.pl\/erasmus2017\/wp-content\/uploads\/2021\/05\/5-2-300x208.png 300w, http:\/\/www.rolnik.tbg.net.pl\/erasmus2017\/wp-content\/uploads\/2021\/05\/5-2-768x533.png 768w, http:\/\/www.rolnik.tbg.net.pl\/erasmus2017\/wp-content\/uploads\/2021\/05\/5-2-1024x711.png 1024w\" sizes=\"(max-width: 549px) 100vw, 549px\" \/><\/a><\/p>\n<h5><em>07.06.2018<\/em><\/h5>\n<h3 style=\"text-align: center;\">Dobiega ko\u0144ca kurs hiszpa\u0144skiego.<\/h3>\n<p><img loading=\"lazy\" decoding=\"async\" class=\"wp-image-480 alignleft\" src=\"http:\/\/www.rolnik.tbg.net.pl\/erasmus2017\/wp-content\/uploads\/2018\/01\/34471803_1712277105494410_6379031285108572160_n.jpg\" alt=\"\" width=\"324\" height=\"243\" srcset=\"http:\/\/www.rolnik.tbg.net.pl\/erasmus2017\/wp-content\/uploads\/2018\/01\/34471803_1712277105494410_6379031285108572160_n.jpg 960w, http:\/\/www.rolnik.tbg.net.pl\/erasmus2017\/wp-content\/uploads\/2018\/01\/34471803_1712277105494410_6379031285108572160_n-300x225.jpg 300w, http:\/\/www.rolnik.tbg.net.pl\/erasmus2017\/wp-content\/uploads\/2018\/01\/34471803_1712277105494410_6379031285108572160_n-768x576.jpg 768w\" sizes=\"(max-width: 324px) 100vw, 324px\" \/> <img loading=\"lazy\" decoding=\"async\" class=\"alignnone wp-image-481\" src=\"http:\/\/www.rolnik.tbg.net.pl\/erasmus2017\/wp-content\/uploads\/2018\/01\/34605370_1712276972161090_5744529873775362048_n.jpg\" alt=\"\" width=\"334\" height=\"251\" srcset=\"http:\/\/www.rolnik.tbg.net.pl\/erasmus2017\/wp-content\/uploads\/2018\/01\/34605370_1712276972161090_5744529873775362048_n.jpg 960w, http:\/\/www.rolnik.tbg.net.pl\/erasmus2017\/wp-content\/uploads\/2018\/01\/34605370_1712276972161090_5744529873775362048_n-300x225.jpg 300w, http:\/\/www.rolnik.tbg.net.pl\/erasmus2017\/wp-content\/uploads\/2018\/01\/34605370_1712276972161090_5744529873775362048_n-768x576.jpg 768w\" sizes=\"(max-width: 334px) 100vw, 334px\" \/><\/p>\n<p>&nbsp;<\/p>\n<h5><em>01.04.2018<\/em><\/h5>\n<h3 style=\"text-align: center;\">Sta\u017cy\u015bci wzi\u0119li udzia\u0142 w zaj\u0119ciach, na kt\u00f3rych uczyli si\u0119 przygotowywa\u0107 swoje CV. To, co zapisz\u0105 w swoim CV b\u0119dzie mia\u0142o znaczenie przy wyborze miejsca sta\u017cu.<\/h3>\n<p><img loading=\"lazy\" decoding=\"async\" class=\"alignnone wp-image-447\" src=\"http:\/\/www.rolnik.tbg.net.pl\/erasmus2017\/wp-content\/uploads\/2018\/01\/P1013220.jpg\" alt=\"\" width=\"369\" height=\"208\" srcset=\"http:\/\/www.rolnik.tbg.net.pl\/erasmus2017\/wp-content\/uploads\/2018\/01\/P1013220.jpg 1024w, http:\/\/www.rolnik.tbg.net.pl\/erasmus2017\/wp-content\/uploads\/2018\/01\/P1013220-300x169.jpg 300w, http:\/\/www.rolnik.tbg.net.pl\/erasmus2017\/wp-content\/uploads\/2018\/01\/P1013220-768x433.jpg 768w\" sizes=\"(max-width: 369px) 100vw, 369px\" \/> <img loading=\"lazy\" decoding=\"async\" class=\"alignnone wp-image-448\" src=\"http:\/\/www.rolnik.tbg.net.pl\/erasmus2017\/wp-content\/uploads\/2018\/01\/P1013221-e1523133021693.jpg\" alt=\"\" width=\"130\" height=\"231\" srcset=\"http:\/\/www.rolnik.tbg.net.pl\/erasmus2017\/wp-content\/uploads\/2018\/01\/P1013221-e1523133021693.jpg 577w, http:\/\/www.rolnik.tbg.net.pl\/erasmus2017\/wp-content\/uploads\/2018\/01\/P1013221-e1523133021693-169x300.jpg 169w\" sizes=\"(max-width: 130px) 100vw, 130px\" \/><\/p>\n<h5><em>10.03.2018<\/em><\/h5>\n<h3 style=\"text-align: center;\">Trwaj\u0105 kursy przygotowawcze w j\u0119zyka angielskiego<\/h3>\n<p><img loading=\"lazy\" decoding=\"async\" class=\"alignnone wp-image-444\" src=\"http:\/\/www.rolnik.tbg.net.pl\/erasmus2017\/wp-content\/uploads\/2018\/01\/29792866_424008038060950_1192192177300570112_o.jpg\" alt=\"\" width=\"240\" height=\"180\" srcset=\"http:\/\/www.rolnik.tbg.net.pl\/erasmus2017\/wp-content\/uploads\/2018\/01\/29792866_424008038060950_1192192177300570112_o.jpg 3640w, http:\/\/www.rolnik.tbg.net.pl\/erasmus2017\/wp-content\/uploads\/2018\/01\/29792866_424008038060950_1192192177300570112_o-300x225.jpg 300w, http:\/\/www.rolnik.tbg.net.pl\/erasmus2017\/wp-content\/uploads\/2018\/01\/29792866_424008038060950_1192192177300570112_o-768x576.jpg 768w, http:\/\/www.rolnik.tbg.net.pl\/erasmus2017\/wp-content\/uploads\/2018\/01\/29792866_424008038060950_1192192177300570112_o-1024x768.jpg 1024w\" sizes=\"(max-width: 240px) 100vw, 240px\" \/> <img loading=\"lazy\" decoding=\"async\" class=\"alignnone wp-image-445\" src=\"http:\/\/www.rolnik.tbg.net.pl\/erasmus2017\/wp-content\/uploads\/2018\/01\/29793281_424008214727599_9168287638174564352_o.jpg\" alt=\"\" width=\"236\" height=\"177\" srcset=\"http:\/\/www.rolnik.tbg.net.pl\/erasmus2017\/wp-content\/uploads\/2018\/01\/29793281_424008214727599_9168287638174564352_o.jpg 3640w, http:\/\/www.rolnik.tbg.net.pl\/erasmus2017\/wp-content\/uploads\/2018\/01\/29793281_424008214727599_9168287638174564352_o-300x225.jpg 300w, http:\/\/www.rolnik.tbg.net.pl\/erasmus2017\/wp-content\/uploads\/2018\/01\/29793281_424008214727599_9168287638174564352_o-768x576.jpg 768w, http:\/\/www.rolnik.tbg.net.pl\/erasmus2017\/wp-content\/uploads\/2018\/01\/29793281_424008214727599_9168287638174564352_o-1024x768.jpg 1024w\" sizes=\"(max-width: 236px) 100vw, 236px\" \/> <img loading=\"lazy\" decoding=\"async\" class=\"alignnone wp-image-446\" src=\"http:\/\/www.rolnik.tbg.net.pl\/erasmus2017\/wp-content\/uploads\/2018\/01\/30261429_424007804727640_3192175296757366784_o.jpg\" alt=\"\" width=\"237\" height=\"178\" srcset=\"http:\/\/www.rolnik.tbg.net.pl\/erasmus2017\/wp-content\/uploads\/2018\/01\/30261429_424007804727640_3192175296757366784_o.jpg 3640w, http:\/\/www.rolnik.tbg.net.pl\/erasmus2017\/wp-content\/uploads\/2018\/01\/30261429_424007804727640_3192175296757366784_o-300x225.jpg 300w, http:\/\/www.rolnik.tbg.net.pl\/erasmus2017\/wp-content\/uploads\/2018\/01\/30261429_424007804727640_3192175296757366784_o-768x576.jpg 768w, http:\/\/www.rolnik.tbg.net.pl\/erasmus2017\/wp-content\/uploads\/2018\/01\/30261429_424007804727640_3192175296757366784_o-1024x768.jpg 1024w\" sizes=\"(max-width: 237px) 100vw, 237px\" \/><\/p>\n","protected":false},"excerpt":{"rendered":"<p>Zdj\u0119cia z przebiegu przygotowa\u0144 do wyjazdu oraz ze sta\u017cy dost\u0119pne s\u0105 w albumie na szkolnej stronie Facebooka Zobacz fanpage prowadzony przez sta\u017cyst\u00f3w na Facebooku Zobacz filmy prezentuj\u0105ce zdobywane w czasie sta\u017c\u00f3w do\u015bwiadczenie 08.09.2018 Pi\u0119kna filmowa relacja z pobytu na sta\u017cach &nbsp; 30.08.2018 19.08.2018 &nbsp; 08.08.2018 06.08.2018 27.06.2018 Ostatnie przygotowania do wyjazdu 07.06.2018 Dobiega ko\u0144ca kurs [&hellip;]<\/p>\n","protected":false},"author":1,"featured_media":490,"parent":57,"menu_order":0,"comment_status":"closed","ping_status":"closed","template":"","meta":{"footnotes":""},"_links":{"self":[{"href":"http:\/\/www.rolnik.tbg.net.pl\/erasmus2017\/wp-json\/wp\/v2\/pages\/70"}],"collection":[{"href":"http:\/\/www.rolnik.tbg.net.pl\/erasmus2017\/wp-json\/wp\/v2\/pages"}],"about":[{"href":"http:\/\/www.rolnik.tbg.net.pl\/erasmus2017\/wp-json\/wp\/v2\/types\/page"}],"author":[{"embeddable":true,"href":"http:\/\/www.rolnik.tbg.net.pl\/erasmus2017\/wp-json\/wp\/v2\/users\/1"}],"replies":[{"embeddable":true,"href":"http:\/\/www.rolnik.tbg.net.pl\/erasmus2017\/wp-json\/wp\/v2\/comments?post=70"}],"version-history":[{"count":27,"href":"http:\/\/www.rolnik.tbg.net.pl\/erasmus2017\/wp-json\/wp\/v2\/pages\/70\/revisions"}],"predecessor-version":[{"id":638,"href":"http:\/\/www.rolnik.tbg.net.pl\/erasmus2017\/wp-json\/wp\/v2\/pages\/70\/revisions\/638"}],"up":[{"embeddable":true,"href":"http:\/\/www.rolnik.tbg.net.pl\/erasmus2017\/wp-json\/wp\/v2\/pages\/57"}],"wp:featuredmedia":[{"embeddable":true,"href":"http:\/\/www.rolnik.tbg.net.pl\/erasmus2017\/wp-json\/wp\/v2\/media\/490"}],"wp:attachment":[{"href":"http:\/\/www.rolnik.tbg.net.pl\/erasmus2017\/wp-json\/wp\/v2\/media?parent=70"}],"curies":[{"name":"wp","href":"https:\/\/api.w.org\/{rel}","templated":true}]}}