{"id":99,"date":"2017-06-09T08:00:17","date_gmt":"2017-06-09T06:00:17","guid":{"rendered":"http:\/\/www.rolnik.tbg.net.pl\/erasmus2017\/?page_id=99"},"modified":"2017-06-09T12:13:39","modified_gmt":"2017-06-09T10:13:39","slug":"ogolne-informacje-o-projekcie","status":"publish","type":"page","link":"http:\/\/www.rolnik.tbg.net.pl\/erasmus2017\/ogolne-informacje-o-projekcie\/","title":{"rendered":"og\u00f3lne informacje o projekcie"},"content":{"rendered":"<h2 style=\"text-align: center;\"><strong>\u00a0<\/strong><strong>Erasmus+<\/strong><strong>\u00a0<\/strong><\/h2>\n<h2 style=\"text-align: center;\"><strong>Tytu\u0142 projektu:<br \/>\n\u201eBogaci w do\u015bwiadczenie zawodowe- atrakcyjni na rynku pracy\u201d<\/strong><\/h2>\n<h2 style=\"text-align: center;\">\u00a0Czas realizacji projektu: 01.08.2017 -31.07.2019<\/h2>\n<p>W ramach projektu przewiduje si\u0119 wyjazd trzech 16osobowych grup uczni\u00f3w na \u00a0trzytygodniowe sta\u017ce zawodowe do Sevilli w Hiszpanii (pobyt na miejscu &#8211; 19 dni, podr\u00f3\u017c &#8211; 2 dni, \u0142\u0105cznie -21 dni).<\/p>\n<p>Na sta\u017ce wraz z uczniami wyjad\u0105 2 opiekunowie, kt\u00f3rzy b\u0119d\u0105 wspiera\u0107 uczestnik\u00f3w podczas pobytu za granic\u0105, monitorowa\u0107 bezpiecze\u0144stwo podczas podr\u00f3\u017cy i czasu wolnego. Ich celem b\u0119dzie te\u017c monitorowanie realizacji osi\u0105gania za\u0142o\u017conych cel\u00f3w mobilno\u015bci.<\/p>\n<p>Uczestnictwo w projekcie (kursy przygotowawcze, przejazd tam i z powrotem, pobyt, kieszonkowe) jest bezp\u0142atne.<\/p>\n<h3 style=\"text-align: center;\">\u00a0 Cele projektu<\/h3>\n<p>G\u0142\u00f3wnym celem projektu jest zwi\u0119kszenie kompetencji zawodowych i j\u0119zykowych uczni\u00f3w w kontek\u015bcie ich szans na lokalnym, regionalnym i europejskim rynku pracy.<\/p>\n<p>Szczeg\u00f3\u0142owe cele zawodowe projektu to:<\/p>\n<ul>\n<li>w odniesieniu do zawodu technik spedytor: organizowanie prac zwi\u0105zanych z przewozem \u0142adunk\u00f3w, wykonywanie prac zwi\u0105zanych z monitorowaniem przebiegu procesu transportowego, wype\u0142nianie dokument\u00f3w dotycz\u0105cych tych zada\u0144;<\/li>\n<li>w odniesieniu do zawodu technik logistyk: analiza stanu zakup\u00f3w, zapas\u00f3w, obs\u0142uga zam\u00f3wie\u0144 i wykorzystanie system\u00f3w informacyjnych realizuj\u0105cych ten proces;<\/li>\n<li>w zakresie zawodu technik ekonomista: prowadzenie dzia\u0142a\u0144 marketingowych, sporz\u0105dzanie dokumentacji biurowej i finansowej, przetwarzanie wynik\u00f3w dzia\u0142ania firmy i ich analiza;<\/li>\n<li>w zakresie zawodu technik hotelarstwa: przyjmowanie i obs\u0142uga go\u015bci, organizacji us\u0142ug dodatkowych, wykorzystanie komputerowych program\u00f3w u\u017cytkowych i hotelarskich, wykonywanie prac zwi\u0105zanych z utrzymywaniem czysto\u015bci i porz\u0105dku w obiekcie;<\/li>\n<li>w zakresie zawodu technik architektury krajobrazu: planowanie, urz\u0105dzanie i piel\u0119gnacja teren\u00f3w zieleni.<\/li>\n<\/ul>\n<p>Cele szczeg\u00f3\u0142owe w odniesieniu do wszystkich zawod\u00f3w to: kszta\u0142towanie umiej\u0119tno\u015bci interpersonalnych, komunikowanie si\u0119 w j\u0119zyku obcym, poznanie i stosowanie zasad BHP, organizacji pracy i\u00a0 zarz\u0105dzania czasem na wyznaczonym stanowisku, umiej\u0119tno\u015b\u0107 pracy w wielokulturowym \u015brodowisku.<\/p>\n<h3 style=\"text-align: center;\">\u00a0Prawa i Obowi\u0105zki uczestnika Projektu<\/h3>\n<p>Ka\u017cdy uczestnik ma prawo do \u00a0:<\/p>\n<ul>\n<li>informacji na temat projektu umieszczanych na stronie internetowej szko\u0142y b\u0105d\u017a przekazywanych bezpo\u015brednio uczestnikowi przez cz\u0142onk\u00f3w zespo\u0142u projektowego, w sk\u0142ad kt\u00f3rego wchodz\u0105 nauczyciele: Swiet\u0142ana Siudzi\u0144ska, Sylwia Szlachetka, Urszula Szczyty\u0144ska, Halina Zbyrad.<\/li>\n<li>nieodp\u0142atnego udzia\u0142u w projekcie<\/li>\n<li>otrzymania materia\u0142\u00f3w dydaktycznych do zaj\u0119\u0107<\/li>\n<li>otrzymania certyfikat\u00f3w zgodnie z za\u0142o\u017ceniami projektu<\/li>\n<li>zg\u0142aszania uwag i oceny zaj\u0119\u0107, w kt\u00f3rych uczestniczy.<\/li>\n<\/ul>\n<p>Uczestnik jest zobowi\u0105zany do:<\/p>\n<ul>\n<li>uczestniczenia w zaj\u0119ciach przygotowawczych do sta\u017cu (podpis na li\u015bcie obecno\u015bci)<\/li>\n<li>100% frekwencji na praktyce zawodowej<\/li>\n<li>punktualno\u015bci w miejscu odbywania praktyk<\/li>\n<li>uczestnictwa w zaj\u0119ciach kulturowych: wycieczkach i wyj\u015bciach do muzeum itp.<\/li>\n<li>uczestnictwa w spotkaniach z opiekunami i zdawania relacji z przebiegu sta\u017cu<\/li>\n<li>uczestnictwa w kursie j\u0119zykowym w miejscu odbywania sta\u017cu<\/li>\n<li>przestrzegania zasad bhp w trakcie odbywania sta\u017cu, zaj\u0119\u0107 kulturowych i podczas pdr\u00f3\u017cy<\/li>\n<li>wype\u0142niania ankiet ewaluacyjnych w trakcie przygotowa\u0144 i w trakcie przebiegu sta\u017cu<\/li>\n<li>przybycia na wyznaczone spotkanie w celu przygotowania i wys\u0142ania raportu ko\u0144cowego uczestnika, kt\u00f3re odb\u0119dzie si\u0119 w terminie do30 dni po zako\u0144czeniu sta\u017cu<\/li>\n<li>aktywnego uczestnictwa w upowszechnianiu rezultat\u00f3w projektu (np. przygotowania prezentacji multimedialnej z przebiegu sta\u017cu, brania udzia\u0142u w wydarzeniach upowszechniaj\u0105cych rezultaty projektu)<\/li>\n<\/ul>\n<h3 style=\"text-align: center;\"><a href=\"http:\/\/www.rolnik.tbg.net.pl\/erasmus2017\/wp-content\/uploads\/2017\/06\/Regulamin-rekrutacji-na-sta\u017ce-do-Hiszpanii-3.doc\">Regulamin rekrutacji na sta\u017ce do Hiszpanii do pobrania<\/a><\/h3>\n<p style=\"text-align: center;\">Szkolny zesp\u00f3\u0142 projektowy stanowi\u0105 panie: Sylwia Szlachetka, Swiet\u0142ana Siudzi\u0144ska, Urszula Szczyty\u0144ska, HalinaZbyrad<\/p>\n","protected":false},"excerpt":{"rendered":"<p>\u00a0Erasmus+\u00a0 Tytu\u0142 projektu: \u201eBogaci w do\u015bwiadczenie zawodowe- atrakcyjni na rynku pracy\u201d \u00a0Czas realizacji projektu: 01.08.2017 -31.07.2019 W ramach projektu przewiduje si\u0119 wyjazd trzech 16osobowych grup uczni\u00f3w na \u00a0trzytygodniowe sta\u017ce zawodowe do Sevilli w Hiszpanii (pobyt na miejscu &#8211; 19 dni, podr\u00f3\u017c &#8211; 2 dni, \u0142\u0105cznie -21 dni). Na sta\u017ce wraz z uczniami wyjad\u0105 2 opiekunowie, [&hellip;]<\/p>\n","protected":false},"author":1,"featured_media":0,"parent":0,"menu_order":0,"comment_status":"closed","ping_status":"closed","template":"","meta":{"footnotes":""},"_links":{"self":[{"href":"http:\/\/www.rolnik.tbg.net.pl\/erasmus2017\/wp-json\/wp\/v2\/pages\/99"}],"collection":[{"href":"http:\/\/www.rolnik.tbg.net.pl\/erasmus2017\/wp-json\/wp\/v2\/pages"}],"about":[{"href":"http:\/\/www.rolnik.tbg.net.pl\/erasmus2017\/wp-json\/wp\/v2\/types\/page"}],"author":[{"embeddable":true,"href":"http:\/\/www.rolnik.tbg.net.pl\/erasmus2017\/wp-json\/wp\/v2\/users\/1"}],"replies":[{"embeddable":true,"href":"http:\/\/www.rolnik.tbg.net.pl\/erasmus2017\/wp-json\/wp\/v2\/comments?post=99"}],"version-history":[{"count":3,"href":"http:\/\/www.rolnik.tbg.net.pl\/erasmus2017\/wp-json\/wp\/v2\/pages\/99\/revisions"}],"predecessor-version":[{"id":105,"href":"http:\/\/www.rolnik.tbg.net.pl\/erasmus2017\/wp-json\/wp\/v2\/pages\/99\/revisions\/105"}],"wp:attachment":[{"href":"http:\/\/www.rolnik.tbg.net.pl\/erasmus2017\/wp-json\/wp\/v2\/media?parent=99"}],"curies":[{"name":"wp","href":"https:\/\/api.w.org\/{rel}","templated":true}]}}